{"id":2165,"date":"2023-04-18T12:57:21","date_gmt":"2023-04-18T10:57:21","guid":{"rendered":"https:\/\/depann24.com\/jas\/?page_id=2165"},"modified":"2024-08-05T17:06:59","modified_gmt":"2024-08-05T15:06:59","slug":"mentions-legales","status":"publish","type":"page","link":"https:\/\/depann24.com\/jas\/mentions-legales\/","title":{"rendered":"Mentions l\u00e9gales"},"content":{"rendered":"\t\t<div data-elementor-type=\"wp-page\" data-elementor-id=\"2165\" class=\"elementor elementor-2165\" data-elementor-post-type=\"page\">\n\t\t\t\t\t\t<section class=\"elementor-section elementor-top-section elementor-element elementor-element-06972d0 elementor-section-boxed elementor-section-height-default elementor-section-height-default\" data-id=\"06972d0\" data-element_type=\"section\" data-e-type=\"section\" data-settings=\"{&quot;background_background&quot;:&quot;classic&quot;}\">\n\t\t\t\t\t\t<div class=\"elementor-container elementor-column-gap-wide\">\n\t\t\t\t\t<div class=\"elementor-column elementor-col-100 elementor-top-column elementor-element elementor-element-637b232\" data-id=\"637b232\" data-element_type=\"column\" data-e-type=\"column\" data-settings=\"{&quot;background_background&quot;:&quot;classic&quot;}\">\n\t\t\t<div class=\"elementor-widget-wrap elementor-element-populated\">\n\t\t\t\t\t\t<div class=\"elementor-element elementor-element-9bf9fff elementor-widget elementor-widget-heading\" data-id=\"9bf9fff\" data-element_type=\"widget\" data-e-type=\"widget\" data-widget_type=\"heading.default\">\n\t\t\t\t<div class=\"elementor-widget-container\">\n\t\t\t\t\t<h1 class=\"elementor-heading-title elementor-size-default\">Mentions l\u00e9gales<\/h1>\t\t\t\t<\/div>\n\t\t\t\t<\/div>\n\t\t\t\t\t<\/div>\n\t\t<\/div>\n\t\t\t\t\t<\/div>\n\t\t<\/section>\n\t\t\t\t<section class=\"elementor-section elementor-top-section elementor-element elementor-element-e6778d4 elementor-section-boxed elementor-section-height-default elementor-section-height-default\" data-id=\"e6778d4\" data-element_type=\"section\" data-e-type=\"section\">\n\t\t\t\t\t\t<div class=\"elementor-container elementor-column-gap-default\">\n\t\t\t\t\t<div class=\"elementor-column elementor-col-100 elementor-top-column elementor-element elementor-element-b20905d\" data-id=\"b20905d\" data-element_type=\"column\" data-e-type=\"column\">\n\t\t\t<div class=\"elementor-widget-wrap elementor-element-populated\">\n\t\t\t\t\t\t<div class=\"elementor-element elementor-element-14b1990 elementor-widget elementor-widget-text-editor\" data-id=\"14b1990\" data-element_type=\"widget\" data-e-type=\"widget\" data-widget_type=\"text-editor.default\">\n\t\t\t\t<div class=\"elementor-widget-container\">\n\t\t\t\t\t\t\t\t\tLe site <strong>depann24.com<\/strong> est \u00e9dit\u00e9 par ATL DIFFUSION.\n<br \/><br \/>\n<b>Notre soci\u00e9t\u00e9 a pour objet  : <\/b><br \/>\n&#8211;  les prestations de services notamment dans le domaine digital<br \/>\n&#8211; commerce de fournitures pour travaux tous corps d&rsquo;\u00e9tat via des m\u00e9dias internet ou par tout autre canal de distribution\n<br \/><br \/>\n<b>ATL DIFFUSION<\/b>\n<br \/><br \/>\nSoci\u00e9t\u00e9 par actions simplifi\u00e9e<br \/>\n<b>Si\u00e8ge social :<\/b> 14 rue Esther Cuvier 93260 les lilas<br \/><br \/>\n<b>Registre du commerce :<\/b>  Bobigny B 853 073 302<br \/><br \/>\n<b>Mail :<\/b> <a href=\"mailto:contact@atl-diffusion.com\">contact@atl-diffusion.com<\/a>\n<br \/><br \/>\n<b>Directeur de la publication : <\/b>Benjamin Atlan\n<br \/><br \/>\n<b>H\u00e9bergement<\/b>\nCe site est h\u00e9berg\u00e9 par O2switch, Soci\u00e9t\u00e9 par actions simplifi\u00e9e \u00e0 associ\u00e9 unique dont le si\u00e8ge est situ\u00e9 Chemin des Pardiaux 63000 CLERMONT-FERRAND, immatricul\u00e9e au RCS de Clermont-Ferrand sous le num\u00e9ro 510 909 807.\t\t\t\t\t\t\t\t<\/div>\n\t\t\t\t<\/div>\n\t\t\t\t\t<\/div>\n\t\t<\/div>\n\t\t\t\t\t<\/div>\n\t\t<\/section>\n\t\t\t\t<section class=\"elementor-section elementor-top-section elementor-element elementor-element-d8bac7e elementor-section-boxed elementor-section-height-default elementor-section-height-default\" data-id=\"d8bac7e\" data-element_type=\"section\" data-e-type=\"section\">\n\t\t\t\t\t\t<div class=\"elementor-container elementor-column-gap-default\">\n\t\t\t\t\t<div class=\"elementor-column elementor-col-100 elementor-top-column elementor-element elementor-element-b59a1a8\" data-id=\"b59a1a8\" data-element_type=\"column\" data-e-type=\"column\">\n\t\t\t<div class=\"elementor-widget-wrap elementor-element-populated\">\n\t\t\t\t\t\t<div class=\"elementor-element elementor-element-b061edb elementor-widget elementor-widget-text-editor\" data-id=\"b061edb\" data-element_type=\"widget\" data-e-type=\"widget\" data-widget_type=\"text-editor.default\">\n\t\t\t\t<div class=\"elementor-widget-container\">\n\t\t\t\t\t\t\t\t\t<h5>Conditions g\u00e9n\u00e9rales<\/h5>\n<p>&#8211; les frais d\u2019intervention sont de 39\u20ac ht* minimum pour les services pr\u00e9sentant le caract\u00e8re urgent<br>(Voir les conditions de la soci\u00e9t\u00e9&nbsp;d\u2019intervention)&nbsp;<br>&#8211; Application d&rsquo;un taux de TVA \u00e0 20% pour les professionnels et 10% pour les particuliers<\/p>\t\t\t\t\t\t\t\t<\/div>\n\t\t\t\t<\/div>\n\t\t\t\t\t<\/div>\n\t\t<\/div>\n\t\t\t\t\t<\/div>\n\t\t<\/section>\n\t\t\t\t<\/div>\n\t\t","protected":false},"excerpt":{"rendered":"<p>Mentions l\u00e9gales Le site depann24.com est \u00e9dit\u00e9 par ATL DIFFUSION. Notre soci\u00e9t\u00e9 a pour objet : &#8211; les prestations de services notamment dans le domaine digital &#8211; commerce de fournitures pour travaux tous corps d&rsquo;\u00e9tat via des m\u00e9dias internet ou par tout autre canal de distribution ATL DIFFUSION Soci\u00e9t\u00e9 par actions simplifi\u00e9e Si\u00e8ge social : [&hellip;]<\/p>\n","protected":false},"author":2,"featured_media":0,"parent":0,"menu_order":0,"comment_status":"closed","ping_status":"closed","template":"elementor_header_footer","meta":{"footnotes":""},"class_list":["post-2165","page","type-page","status-publish","hentry"],"_links":{"self":[{"href":"https:\/\/depann24.com\/jas\/wp-json\/wp\/v2\/pages\/2165","targetHints":{"allow":["GET"]}}],"collection":[{"href":"https:\/\/depann24.com\/jas\/wp-json\/wp\/v2\/pages"}],"about":[{"href":"https:\/\/depann24.com\/jas\/wp-json\/wp\/v2\/types\/page"}],"author":[{"embeddable":true,"href":"https:\/\/depann24.com\/jas\/wp-json\/wp\/v2\/users\/2"}],"replies":[{"embeddable":true,"href":"https:\/\/depann24.com\/jas\/wp-json\/wp\/v2\/comments?post=2165"}],"version-history":[{"count":0,"href":"https:\/\/depann24.com\/jas\/wp-json\/wp\/v2\/pages\/2165\/revisions"}],"wp:attachment":[{"href":"https:\/\/depann24.com\/jas\/wp-json\/wp\/v2\/media?parent=2165"}],"curies":[{"name":"wp","href":"https:\/\/api.w.org\/{rel}","templated":true}]}}